{"id":336,"date":"2021-07-13T13:57:10","date_gmt":"2021-07-13T13:57:10","guid":{"rendered":"https:\/\/michaelwittwer.com\/?page_id=336"},"modified":"2024-07-23T17:38:15","modified_gmt":"2024-07-23T15:38:15","slug":"impressum","status":"publish","type":"page","link":"https:\/\/michaelwittwer.com\/index.php\/impressum\/","title":{"rendered":"Impressum"},"content":{"rendered":"\t\t<div data-elementor-type=\"wp-page\" data-elementor-id=\"336\" class=\"elementor elementor-336\">\n\t\t\t\t\t\t<section class=\"elementor-section elementor-top-section elementor-element elementor-element-92b826d elementor-section-boxed elementor-section-height-default elementor-section-height-default\" data-id=\"92b826d\" data-element_type=\"section\" data-e-type=\"section\">\n\t\t\t\t\t\t<div class=\"elementor-container elementor-column-gap-default\">\n\t\t\t\t\t<div class=\"elementor-column elementor-col-100 elementor-top-column elementor-element elementor-element-dbb37c4\" data-id=\"dbb37c4\" data-element_type=\"column\" data-e-type=\"column\">\n\t\t\t<div class=\"elementor-widget-wrap elementor-element-populated\">\n\t\t\t\t\t\t<div class=\"elementor-element elementor-element-2aad3eb animated-slow elementor-invisible elementor-widget elementor-widget-heading\" data-id=\"2aad3eb\" data-element_type=\"widget\" data-e-type=\"widget\" data-settings=\"{&quot;_animation&quot;:&quot;fadeIn&quot;}\" data-widget_type=\"heading.default\">\n\t\t\t\t<div class=\"elementor-widget-container\">\n\t\t\t\t\t<h2 class=\"elementor-heading-title elementor-size-default\">Allgemeine Informationspflicht\u2028 nach \u00a75 Telemediengesetz (TMG):<\/h2>\t\t\t\t<\/div>\n\t\t\t\t<\/div>\n\t\t\t\t\t<\/div>\n\t\t<\/div>\n\t\t\t\t\t<\/div>\n\t\t<\/section>\n\t\t\t\t<section class=\"elementor-section elementor-top-section elementor-element elementor-element-8223686 elementor-section-boxed elementor-section-height-default elementor-section-height-default\" data-id=\"8223686\" data-element_type=\"section\" data-e-type=\"section\">\n\t\t\t\t\t\t<div class=\"elementor-container elementor-column-gap-default\">\n\t\t\t\t\t<div class=\"elementor-column elementor-col-100 elementor-top-column elementor-element elementor-element-e28b07a\" data-id=\"e28b07a\" data-element_type=\"column\" data-e-type=\"column\">\n\t\t\t<div class=\"elementor-widget-wrap elementor-element-populated\">\n\t\t\t\t\t\t<div class=\"elementor-element elementor-element-c103d14 elementor-invisible elementor-widget elementor-widget-text-editor\" data-id=\"c103d14\" data-element_type=\"widget\" data-e-type=\"widget\" data-settings=\"{&quot;_animation&quot;:&quot;fadeIn&quot;,&quot;_animation_delay&quot;:300}\" data-widget_type=\"text-editor.default\">\n\t\t\t\t<div class=\"elementor-widget-container\">\n\t\t\t\t\t\t\t\t\t<p><span style=\"color: var( --e-global-color-b3508df );\"><b>Inhaber:<\/b><\/span><\/p><p><span style=\"color: var( --e-global-color-b3508df );\">Michael A. Wittwer<\/span><\/p><p>\u00a0<\/p><p><strong>Postanschrift:\u2028<\/strong><br \/>Mittermayrstra\u00dfe 16<\/p><p>80796 M\u00fcnchen<\/p><p>Deutschland<\/p><p>\u00a0<\/p><p><strong>In\u00adhalt\u00adlich Ver\u00adant\u00adwort\u00adli\u00adcher ge\u00adm\u00e4\u00df \u00a7 6 MDStV:<\/strong><\/p><p style=\"line-height: var(--wp--typography--line-height, var(--global--line-height-body));\">Michael Wittwer<\/p><p>Mittermayrstra\u00dfe 16<\/p><p>80796 M\u00fcnchen<\/p><p>Deutschland<\/p><p>hello@michaelwittwer.com<\/p><p>+49 176 429 04074<\/p><p style=\"line-height: var(--wp--typography--line-height, var(--global--line-height-body));\">\u00a0<\/p><p><strong>Haftungshinweis:\u00a0\u00a0<\/strong><br \/>Trotz sorgf\u00e4ltiger inhaltlicher Kontrolle \u00fcbernehmen wir keine Haftung f\u00fcr die Inhalte externer Links. F\u00fcr den Inhalt der verlinkten Seiten sind ausschlie\u00dflich deren Betreiber verantwortlich.<\/p><p>\u00a0<\/p><p class=\"p1\">Plattform der EU-Kommission zur Online-Streitbeilegung:\u00a0<a href=\"https:\/\/ec.europa.eu\/odr\"><span class=\"s1\">https:\/\/ec.europa.eu\/odr<\/span><\/a><\/p><p class=\"p1\">Wir sind zur Teilnahme an einem Streitbeilegungsverfahren vor einer Verbraucherschlichtungsstelle weder verpflichtet noch bereit.<\/p>\t\t\t\t\t\t\t\t<\/div>\n\t\t\t\t<\/div>\n\t\t\t\t\t<\/div>\n\t\t<\/div>\n\t\t\t\t\t<\/div>\n\t\t<\/section>\n\t\t\t\t<\/div>\n\t\t","protected":false},"excerpt":{"rendered":"<p>Allgemeine Informationspflicht\u2028 nach \u00a75 Telemediengesetz (TMG): Inhaber: Michael A. Wittwer \u00a0 Postanschrift:\u2028Mittermayrstra\u00dfe 16 80796 M\u00fcnchen Deutschland \u00a0 In\u00adhalt\u00adlich Ver\u00adant\u00adwort\u00adli\u00adcher ge\u00adm\u00e4\u00df \u00a7 6 MDStV: Michael Wittwer Mittermayrstra\u00dfe 16 80796 M\u00fcnchen Deutschland hello@michaelwittwer.com +49 176 429 04074 \u00a0 Haftungshinweis:\u00a0\u00a0Trotz sorgf\u00e4ltiger inhaltlicher Kontrolle \u00fcbernehmen wir keine Haftung f\u00fcr die Inhalte externer Links. F\u00fcr den Inhalt der verlinkten Seiten&hellip; <a class=\"more-link\" href=\"https:\/\/michaelwittwer.com\/index.php\/impressum\/\">Continue reading <span class=\"screen-reader-text\">Impressum<\/span><\/a><\/p>\n","protected":false},"author":1,"featured_media":0,"parent":0,"menu_order":0,"comment_status":"closed","ping_status":"closed","template":"elementor_header_footer","meta":{"om_disable_all_campaigns":false,"_monsterinsights_skip_tracking":false,"_monsterinsights_sitenote_active":false,"_monsterinsights_sitenote_note":"","_monsterinsights_sitenote_category":0,"footnotes":""},"class_list":["post-336","page","type-page","status-publish","hentry","entry"],"aioseo_notices":[],"_links":{"self":[{"href":"https:\/\/michaelwittwer.com\/index.php\/wp-json\/wp\/v2\/pages\/336","targetHints":{"allow":["GET"]}}],"collection":[{"href":"https:\/\/michaelwittwer.com\/index.php\/wp-json\/wp\/v2\/pages"}],"about":[{"href":"https:\/\/michaelwittwer.com\/index.php\/wp-json\/wp\/v2\/types\/page"}],"author":[{"embeddable":true,"href":"https:\/\/michaelwittwer.com\/index.php\/wp-json\/wp\/v2\/users\/1"}],"replies":[{"embeddable":true,"href":"https:\/\/michaelwittwer.com\/index.php\/wp-json\/wp\/v2\/comments?post=336"}],"version-history":[{"count":43,"href":"https:\/\/michaelwittwer.com\/index.php\/wp-json\/wp\/v2\/pages\/336\/revisions"}],"predecessor-version":[{"id":1213,"href":"https:\/\/michaelwittwer.com\/index.php\/wp-json\/wp\/v2\/pages\/336\/revisions\/1213"}],"wp:attachment":[{"href":"https:\/\/michaelwittwer.com\/index.php\/wp-json\/wp\/v2\/media?parent=336"}],"curies":[{"name":"wp","href":"https:\/\/api.w.org\/{rel}","templated":true}]}}